{"id":165,"date":"2016-08-28T21:44:18","date_gmt":"2016-08-28T21:44:18","guid":{"rendered":"http:\/\/kofip.org\/wp\/?page_id=165"},"modified":"2018-09-12T15:08:54","modified_gmt":"2018-09-12T15:08:54","slug":"histoire-de-la-microfinance","status":"publish","type":"page","link":"https:\/\/kofip.org\/wp\/histoire-de-la-microfinance\/","title":{"rendered":"Histoire de la microfinance"},"content":{"rendered":"<div style=\"text-align: left;\"><strong>les premi\u00e8res formes de microfinance <\/strong><br \/>\nLa microfinance a exist\u00e9 sous diff\u00e9rentes formes depuis bien longtemps. On estime m\u00eame que des m\u00e9canismes informels de pr\u00eat et d\u2019emprunt ont exist\u00e9 en Asie depuis plusieurs mill\u00e9naires. En 1849, F.W. Raiffeisen cr\u00e9\u00e9 en Suisse la premi\u00e8re soci\u00e9t\u00e9 coop\u00e9rative d\u2019\u00e9pargne et cr\u00e9dit. En France, les fr\u00e8res Pereire sont \u00e0 l\u2019origine des premi\u00e8res exp\u00e9riences de mutualisme bancaire cr\u00e9ant les Soci\u00e9t\u00e9s de Cr\u00e9dit Mutuel. Plus tard dans les ann\u00e9es 1960 et 1970 d\u2019autres tentatives de banques publiques de cr\u00e9dit voient le jour dans les pays en voie de d\u00e9veloppement.<\/div>\n<div style=\"text-align: left;\"><strong>Docteur Yunus r,en qu\u00eate d une r\u00e9ponse a la famine.<\/strong><br \/>\nCependant, on consid\u00e8re g\u00e9n\u00e9ralement que la microfinance \u00ab moderne \u00bb est apparue au milieu des ann\u00e9es 1970 en Asie et en Am\u00e9rique latine. On retient en priorit\u00e9 l\u2019exemple du Bangladesh et de la Grameen Bank fond\u00e9e en 1978 par le Dr Muhammad Yunus, professeur d\u2019\u00e9conomie \u00e0 l\u2019universit\u00e9 de Chittagong. Le Dr Yunus cherchait une r\u00e9ponse concr\u00e8te \u00e0 la crise famine que traversait alors son pays.<br \/>\nD\u00e9termin\u00e9 \u00e0 exp\u00e9rimenter des solutions pratiques, le professeur Yunus commen\u00e7a \u00e0 visiter des villages bangladais. Lors d\u2019une de ces visites \u00e0 Jorba, il trouva un groupe de 42 femmes qui fabriquaient des tabourets en bambou. Parce qu\u2019elles n\u2019avaient pas de fonds propres pour acheter la mati\u00e8re premi\u00e8re, elles avaient conclu un march\u00e9 avec des commer\u00e7ants locaux qui leur pr\u00eataient de quoi acheter la mati\u00e8re premi\u00e8re en \u00e9change de quoi elles devaient leur vendre les tabourets \u00e0 un prix d\u00e9termin\u00e9, \u00e0 peine sup\u00e9rieur au prix de cette mati\u00e8re premi\u00e8re.<\/div>\n<div style=\"text-align: left;\"><strong><br \/>\nLa naissance de Grameen Bank<\/strong><br \/>\nLe professeur Yunus fut surpris de d\u00e9couvrir que le montant total des besoins de ces 42 femmes pour d\u00e9velopper leur activit\u00e9 de mani\u00e8re ind\u00e9pendante \u00e9tait de 27 $. Il leur pr\u00eata l\u2019argent de sa propre poche, sans int\u00e9r\u00eat, permettant ainsi au groupe de vendre leurs tabourets \u00e0 de meilleurs prix et sortir de ce cycle d\u2019endettement qui les liait aux marchands locaux.<br \/>\nC\u2019est ainsi que la Grameen Bank (la \u00ab banque de village \u00bb) est n\u00e9e et popularise le cr\u00e9dit solidaire, un cr\u00e9dit allou\u00e9 \u00e0 un groupe dont chacun de ses membre est solidaire des autres, pour le mettre \u00e0 profit et le rembourser. D\u00e9sormais des bureaux de la Grameen Bank sont pr\u00e9sents dans plus de 80 000 villages, et compte plus de 6 millions d\u2019emprunteurs. En 2006, le professeur Yunus a re\u00e7u le prix Nobel de la Paix.<\/div>\n<div style=\"text-align: left;\"><\/div>\n<div style=\"text-align: left;\"><\/div>\n<p>&nbsp;<\/p>\n<div><img decoding=\"async\" src=\"https:\/\/www.microworld.org\/sites\/files\/yunus.jpg\" alt=\"Yunus\" \/><\/div>\n<p><em>Muhammad Yunus parle avec les emprunteurs de la Grameen Bank | Copyright <span class=\"emoji\">\u00a9<\/span>Grameen Bank 2006<\/em><\/p>\n","protected":false},"excerpt":{"rendered":"<p>les premi\u00e8res formes de microfinance La microfinance a exist\u00e9 sous diff\u00e9rentes formes depuis bien longtemps. On estime m\u00eame que des m\u00e9canismes informels de pr\u00eat et d\u2019emprunt ont exist\u00e9 en Asie depuis plusieurs mill\u00e9naires. En 1849, F.W. Raiffeisen cr\u00e9\u00e9 en Suisse la premi\u00e8re soci\u00e9t\u00e9 coop\u00e9rative d\u2019\u00e9pargne et cr\u00e9dit. En France, les fr\u00e8res Pereire sont \u00e0 l\u2019origine [&hellip;]<\/p>\n","protected":false},"author":1,"featured_media":0,"parent":0,"menu_order":0,"comment_status":"closed","ping_status":"closed","template":"","meta":[],"_links":{"self":[{"href":"https:\/\/kofip.org\/wp\/wp-json\/wp\/v2\/pages\/165"}],"collection":[{"href":"https:\/\/kofip.org\/wp\/wp-json\/wp\/v2\/pages"}],"about":[{"href":"https:\/\/kofip.org\/wp\/wp-json\/wp\/v2\/types\/page"}],"author":[{"embeddable":true,"href":"https:\/\/kofip.org\/wp\/wp-json\/wp\/v2\/users\/1"}],"replies":[{"embeddable":true,"href":"https:\/\/kofip.org\/wp\/wp-json\/wp\/v2\/comments?post=165"}],"version-history":[{"count":6,"href":"https:\/\/kofip.org\/wp\/wp-json\/wp\/v2\/pages\/165\/revisions"}],"predecessor-version":[{"id":335,"href":"https:\/\/kofip.org\/wp\/wp-json\/wp\/v2\/pages\/165\/revisions\/335"}],"wp:attachment":[{"href":"https:\/\/kofip.org\/wp\/wp-json\/wp\/v2\/media?parent=165"}],"curies":[{"name":"wp","href":"https:\/\/api.w.org\/{rel}","templated":true}]}}